{"id":25730,"date":"2021-03-19T14:43:12","date_gmt":"2021-03-19T13:43:12","guid":{"rendered":"https:\/\/kunstschule.online\/?page_id=25730"},"modified":"2021-03-19T14:45:20","modified_gmt":"2021-03-19T13:45:20","slug":"konto-permanent-loeschen","status":"publish","type":"page","link":"https:\/\/kunstschule.online\/index.php\/konto-permanent-loeschen\/","title":{"rendered":"Konto permanent l\u00f6schen"},"content":{"rendered":"<h2>Antrag &#8211; Konto permanent l\u00f6schen<\/h2>\n<p>Wir bedauern sehr, dass du uns verl\u00e4sst. Bitte f\u00fclle den Antrag aus, um dein Konto permanent bei uns zu l\u00f6schen. Wir weisen dich darauf hin, dass alle Daten und Eink\u00e4ufe ebenfalls unwiederruflich gel\u00f6scht werden.<\/p>\n<div class=\"wpforms-container \" id=\"wpforms-25732\"><form id=\"wpforms-form-25732\" class=\"wpforms-validate wpforms-form\" data-formid=\"25732\" method=\"post\" enctype=\"multipart\/form-data\" action=\"\/index.php\/wp-json\/wp\/v2\/pages\/25730\" data-token=\"b608e6505d0e3c23e2852fadb711fb16\"><noscript class=\"wpforms-error-noscript\">Bitte aktiviere JavaScript in deinem Browser, um dieses Formular fertigzustellen.<\/noscript><div class=\"wpforms-field-container\"><div id=\"wpforms-25732-field_0-container\" class=\"wpforms-field wpforms-field-name\" data-field-id=\"0\"><label class=\"wpforms-field-label\" for=\"wpforms-25732-field_0\">Name <span class=\"wpforms-required-label\">*<\/span><\/label><div class=\"wpforms-field-row wpforms-field-medium\"><div class=\"wpforms-field-row-block wpforms-first wpforms-one-half\"><input type=\"text\" id=\"wpforms-25732-field_0\" class=\"wpforms-field-name-first wpforms-field-required\" name=\"wpforms[fields][0][first]\" required><label for=\"wpforms-25732-field_0\" class=\"wpforms-field-sublabel after \">Vorname<\/label><\/div><div class=\"wpforms-field-row-block wpforms-one-half\"><input type=\"text\" id=\"wpforms-25732-field_0-last\" class=\"wpforms-field-name-last wpforms-field-required\" name=\"wpforms[fields][0][last]\" required><label for=\"wpforms-25732-field_0-last\" class=\"wpforms-field-sublabel after \">Nachname<\/label><\/div><\/div><\/div><div id=\"wpforms-25732-field_3-container\" class=\"wpforms-field wpforms-field-name\" data-field-id=\"3\"><label class=\"wpforms-field-label\" for=\"wpforms-25732-field_3\">Benutzername <span class=\"wpforms-required-label\">*<\/span><\/label><input type=\"text\" id=\"wpforms-25732-field_3\" class=\"wpforms-field-medium wpforms-field-required\" name=\"wpforms[fields][3]\" required><\/div><div id=\"wpforms-25732-field_1-container\" class=\"wpforms-field wpforms-field-email\" data-field-id=\"1\"><label class=\"wpforms-field-label\" for=\"wpforms-25732-field_1\">E-Mail <span class=\"wpforms-required-label\">*<\/span><\/label><input type=\"email\" id=\"wpforms-25732-field_1\" class=\"wpforms-field-medium wpforms-field-required\" name=\"wpforms[fields][1]\" spellcheck=\"false\" required><\/div><div id=\"wpforms-25732-field_2-container\" class=\"wpforms-field wpforms-field-textarea\" data-field-id=\"2\"><label class=\"wpforms-field-label\" for=\"wpforms-25732-field_2\">Grund <span class=\"wpforms-required-label\">*<\/span><\/label><textarea id=\"wpforms-25732-field_2\" class=\"wpforms-field-medium wpforms-field-required\" name=\"wpforms[fields][2]\" required><\/textarea><\/div><\/div><!-- .wpforms-field-container --><div class=\"wpforms-submit-container\" ><input type=\"hidden\" name=\"wpforms[id]\" value=\"25732\"><input type=\"hidden\" name=\"wpforms[author]\" value=\"2\"><button type=\"submit\" name=\"wpforms[submit]\" id=\"wpforms-submit-25732\" class=\"wpforms-submit\" data-alt-text=\"Anfrage wird bearbeitet\" data-submit-text=\"Konto permanent l\u00f6schen\" aria-live=\"assertive\" value=\"wpforms-submit\">Konto permanent l\u00f6schen<\/button><\/div><\/form><\/div>  <!-- .wpforms-container -->\n","protected":false},"excerpt":{"rendered":"<p>Antrag &#8211; Konto permanent l\u00f6schen Wir bedauern sehr, dass du uns verl\u00e4sst. Bitte f\u00fclle den Antrag aus, um dein Konto permanent bei uns zu l\u00f6schen. Wir weisen dich darauf hin, dass alle Daten und Eink\u00e4ufe ebenfalls unwiederruflich gel\u00f6scht werden.<\/p>\n","protected":false},"author":2,"featured_media":0,"parent":0,"menu_order":0,"comment_status":"closed","ping_status":"closed","template":"","meta":{"_et_pb_use_builder":"","_et_pb_old_content":"","_et_gb_content_width":"","footnotes":""},"_links":{"self":[{"href":"https:\/\/kunstschule.online\/index.php\/wp-json\/wp\/v2\/pages\/25730"}],"collection":[{"href":"https:\/\/kunstschule.online\/index.php\/wp-json\/wp\/v2\/pages"}],"about":[{"href":"https:\/\/kunstschule.online\/index.php\/wp-json\/wp\/v2\/types\/page"}],"author":[{"embeddable":true,"href":"https:\/\/kunstschule.online\/index.php\/wp-json\/wp\/v2\/users\/2"}],"replies":[{"embeddable":true,"href":"https:\/\/kunstschule.online\/index.php\/wp-json\/wp\/v2\/comments?post=25730"}],"version-history":[{"count":3,"href":"https:\/\/kunstschule.online\/index.php\/wp-json\/wp\/v2\/pages\/25730\/revisions"}],"predecessor-version":[{"id":25735,"href":"https:\/\/kunstschule.online\/index.php\/wp-json\/wp\/v2\/pages\/25730\/revisions\/25735"}],"wp:attachment":[{"href":"https:\/\/kunstschule.online\/index.php\/wp-json\/wp\/v2\/media?parent=25730"}],"curies":[{"name":"wp","href":"https:\/\/api.w.org\/{rel}","templated":true}]}}